{"id":51,"date":"2017-12-03T19:12:03","date_gmt":"2017-12-03T19:12:03","guid":{"rendered":"http:\/\/import.themovation.com\/bellevue2\/guesthouse\/?page_id=698"},"modified":"2025-05-14T08:01:59","modified_gmt":"2025-05-14T08:01:59","slug":"about-us","status":"publish","type":"page","link":"https:\/\/hotelestorilporto.com\/fr\/about-us\/","title":{"rendered":"Nous"},"content":{"rendered":"<div data-elementor-type=\"wp-post\" data-elementor-id=\"51\" class=\"elementor elementor-51\" data-elementor-settings=\"[]\">\n\t\t\t\t\t\t<div class=\"elementor-inner\">\n\t\t\t\t\t\t\t<div class=\"elementor-section-wrap\">\n\t\t\t\t\t\t\t<section class=\"elementor-section elementor-top-section elementor-element elementor-element-6229ba4 elementor-section-full_width elementor-section-height-min-height elementor-section-height-default elementor-section-items-middle\" data-id=\"6229ba4\" data-element_type=\"section\" data-settings=\"{&quot;background_background&quot;:&quot;classic&quot;}\">\n\t\t\t\t\t\t\t<div class=\"elementor-background-overlay\"><\/div>\n\t\t\t\t\t\t\t<div class=\"elementor-container elementor-column-gap-default\">\n\t\t\t\t\t\t\t<div class=\"elementor-row\">\n\t\t\t\t\t<div class=\"elementor-column elementor-col-100 elementor-top-column elementor-element elementor-element-1f66876d\" data-id=\"1f66876d\" data-element_type=\"column\">\n\t\t\t<div class=\"elementor-column-wrap elementor-element-populated\">\n\t\t\t\t\t\t\t<div class=\"elementor-widget-wrap\">\n\t\t\t\t\t\t<div class=\"elementor-element elementor-element-68d1557 elementor-widget elementor-widget-spacer\" data-id=\"68d1557\" data-element_type=\"widget\" data-widget_type=\"spacer.default\">\n\t\t\t\t<div class=\"elementor-widget-container\">\n\t\t\t\t\t<div class=\"elementor-spacer\">\n\t\t\t<div class=\"elementor-spacer-inner\"><\/div>\n\t\t<\/div>\n\t\t\t\t<\/div>\n\t\t\t\t<\/div>\n\t\t\t\t<div class=\"elementor-element elementor-element-321bcc27 elementor-view-default elementor-position-top elementor-invisible elementor-widget elementor-widget-themo-header\" data-id=\"321bcc27\" data-element_type=\"widget\" data-settings=\"{&quot;_animation&quot;:&quot;fadeIn&quot;}\" data-widget_type=\"themo-header.default\">\n\t\t\t\t<div class=\"elementor-widget-container\">\n\t\t\t\t\t<div class=\"th-header-wrap\">\n        <div class=\"elementor-icon-box-wrapper\">\n                            <div class=\"elementor-icon-box-content\">\n                    <h1 class=\"elementor-icon-box-title\">\n                        <span >PR\u00caT \u00c0 VOUS ACCUEILLIR DEPUIS 1974!<\/span>\n                    <\/h1>\n                                        <p class=\"elementor-icon-box-description\">Bienvenue dans notre petite oasis de verdure au centre-ville.<\/p>\n\n                                    <\/div>\n            <\/div>\n\n        <\/div>\n\n\t\t\t\t<\/div>\n\t\t\t\t<\/div>\n\t\t\t\t\t\t<\/div>\n\t\t\t\t\t<\/div>\n\t\t<\/div>\n\t\t\t\t\t\t\t\t<\/div>\n\t\t\t\t\t<\/div>\n\t\t<\/section>\n\t\t\t\t<section class=\"elementor-section elementor-top-section elementor-element elementor-element-51204c8d elementor-section-boxed elementor-section-height-default elementor-section-height-default\" data-id=\"51204c8d\" data-element_type=\"section\" data-settings=\"{&quot;background_background&quot;:&quot;classic&quot;}\">\n\t\t\t\t\t\t<div class=\"elementor-container elementor-column-gap-default\">\n\t\t\t\t\t\t\t<div class=\"elementor-row\">\n\t\t\t\t\t<div class=\"elementor-column elementor-col-100 elementor-top-column elementor-element elementor-element-50ec539c\" data-id=\"50ec539c\" data-element_type=\"column\">\n\t\t\t<div class=\"elementor-column-wrap elementor-element-populated\">\n\t\t\t\t\t\t\t<div class=\"elementor-widget-wrap\">\n\t\t\t\t\t\t<div class=\"elementor-element elementor-element-183c3c17 elementor-widget elementor-widget-spacer\" data-id=\"183c3c17\" data-element_type=\"widget\" data-widget_type=\"spacer.default\">\n\t\t\t\t<div class=\"elementor-widget-container\">\n\t\t\t\t\t<div class=\"elementor-spacer\">\n\t\t\t<div class=\"elementor-spacer-inner\"><\/div>\n\t\t<\/div>\n\t\t\t\t<\/div>\n\t\t\t\t<\/div>\n\t\t\t\t<div class=\"elementor-element elementor-element-63297780 elementor-view-default elementor-position-top elementor-widget elementor-widget-themo-header\" data-id=\"63297780\" data-element_type=\"widget\" data-widget_type=\"themo-header.default\">\n\t\t\t\t<div class=\"elementor-widget-container\">\n\t\t\t\t\t<div class=\"th-header-wrap\">\n        <div class=\"elementor-icon-box-wrapper th-show-icon\">\n                            <div class=\"elementor-icon-box-icon th-icon-size-md\">\n                    <span class=\"elementor-icon\" >\n                        <i class=\"th-trip travelpack-polaroid-pictures\" aria-hidden=\"true\" fff><\/i>                    <\/span>\n                <\/div>\n                                <div class=\"elementor-icon-box-content\">\n                    <h2 class=\"elementor-icon-box-title\">\n                        <span >NOTRE HISTOIRE<\/span>\n                    <\/h2>\n                                            <span class=\"th-header-divider\"><\/span>\n                                        <p class=\"elementor-icon-box-description\">Construit en 1876 avec les plus hauts standards et mat\u00e9riaux pour une famille de la haute\nbourgeoisie, ce b\u00e2timent a beaucoup d'histoires \u00e0 raconter.\n\nEn 1944, il a commenc\u00e9 \u00e0 \u00eatre utilis\u00e9 comme un immeuble r\u00e9sidentiel locatif. Nous l'avons lou\u00e9 en 1974 et achet\u00e9 en 1978.\nNotre histoire commence ici...\n\nNos premi\u00e8res ann\u00e9es ont \u00e9t\u00e9 difficiles... le b\u00e2timent avait l'air vraiment vieux et la situation du pays n'\u00e9tait pas bonne du tout... Apr\u00e8s la r\u00e9volution de 1974, litt\u00e9ralement toutes les chambres disponibles ont \u00e9t\u00e9 utilis\u00e9es apr\u00e8s l'ind\u00e9pendance des colonies africaines et beaucoup de gens sont revenus de l\u00e0 sans rien... Tout l'espace n'\u00e9tait pas suffisant pour les loger.\n\nDans les ann\u00e9es 1980, la situation a commenc\u00e9 \u00e0 s'am\u00e9liorer. En 1986, une refonte majeure du\nb\u00e2timent a \u00e9t\u00e9 effectu\u00e9e : toutes les parties essentielles du b\u00e2timent, comme l'eau ou l'\u00e9lectricit\u00e9, ont \u00e9t\u00e9 enti\u00e8rement r\u00e9nov\u00e9es. C'\u00e9tait un 2 \u00e9toiles r\u00e9sidentiel \u00e0 l'\u00e9poque.\n\nDans les ann\u00e9es 1990, maintenant dans l'UE, la situation dans la ville a commenc\u00e9 \u00e0 se d\u00e9t\u00e9riorer. Le tourisme se d\u00e9veloppait en \u00e9t\u00e9 mais la ville perdait des services, de la population et \u00e9tait abandonn\u00e9e. Nous avons surv\u00e9cu \u00e0 ces mauvais moments en maintenant des prix bas.\n\nEntr\u00e9 dans le nouveau mill\u00e9naire, la ville est d\u00e9sormais d\u00e9clar\u00e9e patrimoine mondial par l'Unesco. Nous avons \u00e9t\u00e9 des pionniers en cr\u00e9ant un site Web en 2003 et en rejoignant booking.com en 2009. La r\u00e9servation sur Internet et les vols \u00e0 bas prix ont donn\u00e9 une nouvelle vie \u00e0 la ville.\n\nEn 2011, la r\u00e9sidence a \u00e9t\u00e9 convertie en un h\u00f4tel de charme. La boutique de devant a \u00e9t\u00e9\ntransform\u00e9e en salle de petit-d\u00e9jeuner. Depuis, nous avons install\u00e9 dans tout le lieu : Wi-Fi, mobilier neuf, t\u00e9l\u00e9viseurs \u00e0 \u00e9cran plat, climatisation et d\u00e9coration.\n\nEn 2018, nous avons converti un autre immeuble (juste \u00e0 c\u00f4t\u00e9 avec juste un immeuble entre les\ndeux) en appartements locatifs. Nous avons reconstruit 6 appartements de luxe - 2 d'entre eux peuvent accueillir jusqu'\u00e0 4 personnes.\n\nLa Pand\u00e9mie de 2019-2020 nous a durement touch\u00e9s et, pour la premi\u00e8re fois en 75 ans, nous avons ferm\u00e9 nos portes temporairement mais nous avons surv\u00e9cu et sommes l\u00e0 pour vous accueillir \u00e0 nouveau.<\/p>\n\n                                    <\/div>\n            <\/div>\n\n        <\/div>\n\n\t\t\t\t<\/div>\n\t\t\t\t<\/div>\n\t\t\t\t<div class=\"elementor-element elementor-element-40b9772e elementor-widget elementor-widget-spacer\" data-id=\"40b9772e\" data-element_type=\"widget\" data-widget_type=\"spacer.default\">\n\t\t\t\t<div class=\"elementor-widget-container\">\n\t\t\t\t\t<div class=\"elementor-spacer\">\n\t\t\t<div class=\"elementor-spacer-inner\"><\/div>\n\t\t<\/div>\n\t\t\t\t<\/div>\n\t\t\t\t<\/div>\n\t\t\t\t\t\t<\/div>\n\t\t\t\t\t<\/div>\n\t\t<\/div>\n\t\t\t\t\t\t\t\t<\/div>\n\t\t\t\t\t<\/div>\n\t\t<\/section>\n\t\t\t\t<section class=\"elementor-section elementor-top-section elementor-element elementor-element-41cfe23b elementor-section-full_width elementor-section-height-default elementor-section-height-default\" data-id=\"41cfe23b\" data-element_type=\"section\">\n\t\t\t\t\t\t<div class=\"elementor-container elementor-column-gap-no\">\n\t\t\t\t\t\t\t<div class=\"elementor-row\">\n\t\t\t\t\t<div class=\"elementor-column elementor-col-100 elementor-top-column elementor-element elementor-element-dc0e425\" data-id=\"dc0e425\" data-element_type=\"column\">\n\t\t\t<div class=\"elementor-column-wrap elementor-element-populated\">\n\t\t\t\t\t\t\t<div class=\"elementor-widget-wrap\">\n\t\t\t\t\t\t<div class=\"elementor-element elementor-element-2649bbfa elementor-arrows-position-inside elementor-widget elementor-widget-image-carousel\" data-id=\"2649bbfa\" data-element_type=\"widget\" data-settings=\"{&quot;slides_to_show&quot;:&quot;4&quot;,&quot;navigation&quot;:&quot;arrows&quot;,&quot;slides_to_scroll&quot;:&quot;2&quot;,&quot;autoplay&quot;:&quot;yes&quot;,&quot;pause_on_hover&quot;:&quot;yes&quot;,&quot;pause_on_interaction&quot;:&quot;yes&quot;,&quot;autoplay_speed&quot;:5000,&quot;infinite&quot;:&quot;yes&quot;,&quot;speed&quot;:500}\" data-widget_type=\"image-carousel.default\">\n\t\t\t\t<div class=\"elementor-widget-container\">\n\t\t\t\t\t<div class=\"elementor-image-carousel-wrapper swiper-container\" dir=\"ltr\">\n\t\t\t<div class=\"elementor-image-carousel swiper-wrapper swiper-image-stretch\">\n\t\t\t\t\t\t\t\t<div class=\"swiper-slide\"><figure class=\"swiper-slide-inner\"><img decoding=\"async\" class=\"swiper-slide-image\" src=\"https:\/\/hotelestorilporto.com\/wp-content\/uploads\/2019\/03\/mapa-hotel-1880-II.jpg\" alt=\"mapa hotel 1880 II\" \/><\/figure><\/div><div class=\"swiper-slide\"><figure class=\"swiper-slide-inner\"><img decoding=\"async\" class=\"swiper-slide-image\" src=\"https:\/\/hotelestorilporto.com\/wp-content\/uploads\/2019\/03\/pensao-estoril-50s-autocolante.jpg\" alt=\"pensao estoril 50s autocolante\" \/><\/figure><\/div><div class=\"swiper-slide\"><figure class=\"swiper-slide-inner\"><img decoding=\"async\" class=\"swiper-slide-image\" src=\"https:\/\/hotelestorilporto.com\/wp-content\/uploads\/2019\/09\/IMG_3073.jpg\" alt=\"IMG_3073\" \/><\/figure><\/div><div class=\"swiper-slide\"><figure class=\"swiper-slide-inner\"><img decoding=\"async\" class=\"swiper-slide-image\" src=\"https:\/\/hotelestorilporto.com\/wp-content\/uploads\/2019\/03\/vista-traseira-2017.jpg\" alt=\"vista traseira 2017\" \/><\/figure><\/div><div class=\"swiper-slide\"><figure class=\"swiper-slide-inner\"><img decoding=\"async\" class=\"swiper-slide-image\" src=\"https:\/\/hotelestorilporto.com\/wp-content\/uploads\/2019\/03\/jardim-2017-4.jpg\" alt=\"jardim-2017-4\" \/><\/figure><\/div><div class=\"swiper-slide\"><figure class=\"swiper-slide-inner\"><img decoding=\"async\" class=\"swiper-slide-image\" src=\"https:\/\/hotelestorilporto.com\/wp-content\/uploads\/2019\/03\/escadas-2017-1.jpg\" alt=\"escadas 2017 1\" \/><\/figure><\/div><div class=\"swiper-slide\"><figure class=\"swiper-slide-inner\"><img decoding=\"async\" class=\"swiper-slide-image\" src=\"https:\/\/hotelestorilporto.com\/wp-content\/uploads\/2019\/03\/3o-andar.jpg\" alt=\"3rd Floor\" \/><\/figure><\/div><div class=\"swiper-slide\"><figure class=\"swiper-slide-inner\"><img decoding=\"async\" class=\"swiper-slide-image\" src=\"https:\/\/hotelestorilporto.com\/wp-content\/uploads\/2019\/03\/escadaria.jpg\" alt=\"escadaria\" \/><\/figure><\/div><div class=\"swiper-slide\"><figure class=\"swiper-slide-inner\"><img decoding=\"async\" class=\"swiper-slide-image\" src=\"https:\/\/hotelestorilporto.com\/wp-content\/uploads\/2019\/03\/recepcao-1.jpg\" alt=\"recepcao-1\" \/><\/figure><\/div><div class=\"swiper-slide\"><figure class=\"swiper-slide-inner\"><img decoding=\"async\" class=\"swiper-slide-image\" src=\"https:\/\/hotelestorilporto.com\/wp-content\/uploads\/2019\/03\/sala-peq-alm-3.jpg\" alt=\"sala-peq-alm-3\" \/><\/figure><\/div><div class=\"swiper-slide\"><figure class=\"swiper-slide-inner\"><img decoding=\"async\" class=\"swiper-slide-image\" src=\"https:\/\/hotelestorilporto.com\/wp-content\/uploads\/2019\/03\/traseiras.jpg\" alt=\"Building Back\" \/><\/figure><\/div><div class=\"swiper-slide\"><figure class=\"swiper-slide-inner\"><img decoding=\"async\" class=\"swiper-slide-image\" src=\"https:\/\/hotelestorilporto.com\/wp-content\/uploads\/2019\/03\/rua-3-geral-1900.jpg\" alt=\"Building Front\" \/><\/figure><\/div><div class=\"swiper-slide\"><figure class=\"swiper-slide-inner\"><img decoding=\"async\" class=\"swiper-slide-image\" src=\"https:\/\/hotelestorilporto.com\/wp-content\/uploads\/2020\/01\/IMG_3240-recepcao-2020-2000.jpg\" alt=\"Reception\" \/><\/figure><\/div><div class=\"swiper-slide\"><figure class=\"swiper-slide-inner\"><img decoding=\"async\" class=\"swiper-slide-image\" src=\"https:\/\/hotelestorilporto.com\/wp-content\/uploads\/2019\/03\/sala.jpg\" alt=\"sala\" \/><\/figure><\/div><div class=\"swiper-slide\"><figure class=\"swiper-slide-inner\"><img decoding=\"async\" class=\"swiper-slide-image\" src=\"https:\/\/hotelestorilporto.com\/wp-content\/uploads\/2019\/03\/jardim-2017-6.jpg\" alt=\"Back Garden\" \/><\/figure><\/div><div class=\"swiper-slide\"><figure class=\"swiper-slide-inner\"><img decoding=\"async\" class=\"swiper-slide-image\" src=\"https:\/\/hotelestorilporto.com\/wp-content\/uploads\/2019\/03\/jardim-2017-1.jpg\" alt=\"Garden Terrace\" \/><\/figure><\/div><div class=\"swiper-slide\"><figure class=\"swiper-slide-inner\"><img decoding=\"async\" class=\"swiper-slide-image\" src=\"https:\/\/hotelestorilporto.com\/wp-content\/uploads\/2019\/03\/jardim-2017-3.jpg\" alt=\"jardim-2017-3\" \/><\/figure><\/div><div class=\"swiper-slide\"><figure class=\"swiper-slide-inner\"><img decoding=\"async\" class=\"swiper-slide-image\" src=\"https:\/\/hotelestorilporto.com\/wp-content\/uploads\/2019\/03\/jardim-2017-2.jpg\" alt=\"jardim 2017 2\" \/><\/figure><\/div><div class=\"swiper-slide\"><figure class=\"swiper-slide-inner\"><img decoding=\"async\" class=\"swiper-slide-image\" src=\"https:\/\/hotelestorilporto.com\/wp-content\/uploads\/2019\/03\/terraco.jpg\" alt=\"Terrace\" \/><\/figure><\/div><div class=\"swiper-slide\"><figure class=\"swiper-slide-inner\"><img decoding=\"async\" class=\"swiper-slide-image\" src=\"https:\/\/hotelestorilporto.com\/wp-content\/uploads\/2019\/03\/sala-peq-alm.jpg\" alt=\"Breakfast Room\" \/><\/figure><\/div><div class=\"swiper-slide\"><figure class=\"swiper-slide-inner\"><img decoding=\"async\" class=\"swiper-slide-image\" src=\"https:\/\/hotelestorilporto.com\/wp-content\/uploads\/2019\/03\/varanda.jpg\" alt=\"varanda\" \/><\/figure><\/div><div class=\"swiper-slide\"><figure class=\"swiper-slide-inner\"><img decoding=\"async\" class=\"swiper-slide-image\" src=\"https:\/\/hotelestorilporto.com\/wp-content\/uploads\/2019\/03\/recepcao-2019.jpg\" alt=\"recepcao-2019\" \/><\/figure><\/div><div class=\"swiper-slide\"><figure class=\"swiper-slide-inner\"><img decoding=\"async\" class=\"swiper-slide-image\" src=\"https:\/\/hotelestorilporto.com\/wp-content\/uploads\/2019\/03\/sala-estar.jpg\" alt=\"sala estar\" \/><\/figure><\/div><div class=\"swiper-slide\"><figure class=\"swiper-slide-inner\"><img decoding=\"async\" class=\"swiper-slide-image\" src=\"https:\/\/hotelestorilporto.com\/wp-content\/uploads\/2019\/03\/recepcao-2019-3.jpg\" alt=\"recepcao-2019 3\" \/><\/figure><\/div><div class=\"swiper-slide\"><figure class=\"swiper-slide-inner\"><img decoding=\"async\" class=\"swiper-slide-image\" src=\"https:\/\/hotelestorilporto.com\/wp-content\/uploads\/2017\/12\/23-vista-4.jpg\" alt=\"23 vista 4\" \/><\/figure><\/div>\t\t\t<\/div>\n\t\t\t\t\t\t\t\t\t\t\t\t\t\t\t\t<div class=\"elementor-swiper-button elementor-swiper-button-prev\">\n\t\t\t\t\t\t<i class=\"eicon-chevron-left\" aria-hidden=\"true\"><\/i>\n\t\t\t\t\t\t<span class=\"elementor-screen-only\">Pr\u00e9c\u00e9dent<\/span>\n\t\t\t\t\t<\/div>\n\t\t\t\t\t<div class=\"elementor-swiper-button elementor-swiper-button-next\">\n\t\t\t\t\t\t<i class=\"eicon-chevron-right\" aria-hidden=\"true\"><\/i>\n\t\t\t\t\t\t<span class=\"elementor-screen-only\">Suivant<\/span>\n\t\t\t\t\t<\/div>\n\t\t\t\t\t\t\t\t\t<\/div>\n\t\t\t\t<\/div>\n\t\t\t\t<\/div>\n\t\t\t\t\t\t<\/div>\n\t\t\t\t\t<\/div>\n\t\t<\/div>\n\t\t\t\t\t\t\t\t<\/div>\n\t\t\t\t\t<\/div>\n\t\t<\/section>\n\t\t\t\t<section class=\"elementor-section elementor-top-section elementor-element elementor-element-91a0aa8 elementor-section-boxed elementor-section-height-default elementor-section-height-default\" data-id=\"91a0aa8\" data-element_type=\"section\">\n\t\t\t\t\t\t<div class=\"elementor-container elementor-column-gap-default\">\n\t\t\t\t\t\t\t<div class=\"elementor-row\">\n\t\t\t\t\t<div class=\"elementor-column elementor-col-100 elementor-top-column elementor-element elementor-element-41cee42\" data-id=\"41cee42\" data-element_type=\"column\">\n\t\t\t<div class=\"elementor-column-wrap elementor-element-populated\">\n\t\t\t\t\t\t\t<div class=\"elementor-widget-wrap\">\n\t\t\t\t\t\t<div class=\"elementor-element elementor-element-0733d0e elementor-widget elementor-widget-spacer\" data-id=\"0733d0e\" data-element_type=\"widget\" data-widget_type=\"spacer.default\">\n\t\t\t\t<div class=\"elementor-widget-container\">\n\t\t\t\t\t<div class=\"elementor-spacer\">\n\t\t\t<div class=\"elementor-spacer-inner\"><\/div>\n\t\t<\/div>\n\t\t\t\t<\/div>\n\t\t\t\t<\/div>\n\t\t\t\t\t\t<\/div>\n\t\t\t\t\t<\/div>\n\t\t<\/div>\n\t\t\t\t\t\t\t\t<\/div>\n\t\t\t\t\t<\/div>\n\t\t<\/section>\n\t\t\t\t<section class=\"elementor-section elementor-top-section elementor-element elementor-element-1b6bb301 elementor-section-boxed elementor-section-height-default elementor-section-height-default\" data-id=\"1b6bb301\" data-element_type=\"section\" data-settings=\"{&quot;background_background&quot;:&quot;gradient&quot;}\">\n\t\t\t\t\t\t<div class=\"elementor-container elementor-column-gap-wider\">\n\t\t\t\t\t\t\t<div class=\"elementor-row\">\n\t\t\t\t\t<div class=\"elementor-column elementor-col-100 elementor-top-column elementor-element elementor-element-287adccb\" data-id=\"287adccb\" data-element_type=\"column\">\n\t\t\t<div class=\"elementor-column-wrap elementor-element-populated\">\n\t\t\t\t\t\t\t<div class=\"elementor-widget-wrap\">\n\t\t\t\t\t\t<div class=\"elementor-element elementor-element-5359eb91 elementor-widget elementor-widget-themo-testimonial\" data-id=\"5359eb91\" data-element_type=\"widget\" data-widget_type=\"themo-testimonial.default\">\n\t\t\t\t<div class=\"elementor-widget-container\">\n\t\t\t        \n\t\t<div class=\"elementor-testimonial-wrapper th-testimonial-w th-txt-lg elementor-testimonial-text-align-center\">\n\n            \n\t\t\t\t\t\t\t<div class=\"elementor-testimonial-content\">Tr\u00e8s bon endroit pour des excursions dans la vieille ville et ses environs, \u00e0 proximit\u00e9 de l'arr\u00eat de tramway, de la station de taxis et du m\u00e9tro, tr\u00e8s bon endroit pour une base en ville.<\/div>\n\t\t\t\n            <div class=\"th-star-rating th-star-50\">\n<span class=\"th-star-1 fa\"><\/span>\n<span class=\"th-star-2 fa\"><\/span>\n<span class=\"th-star-3 fa\"><\/span>\n<span class=\"th-star-4 fa\"><\/span>\n<span class=\"th-star-5 fa\"><\/span>\n<\/div>\n\t\t\t\n                    <div class=\"elementor-testimonial-meta\">\n\n\t\t\t\t<div class=\"elementor-testimonial-meta-inner\">\n                    \n\t\t\t\t\t\t\t\t\t\t<div class=\"elementor-testimonial-details\">\n\t\t\t\t\t\t\t\t\t\t\t\t\t<div class=\"elementor-testimonial-name\">Piotr<\/div>\n\t\t\t\t\t\t\n\t\t\t\t\t\t\t\t\t\t\t\t\t<div class=\"elementor-testimonial-job\">Irlande<\/div>\n\t\t\t\t\t\t\t\t\t\t\t<\/div>\n\t\t\t\t\t\t\t\t\t<\/div>\n\t\t\t<\/div>\n\t\t\t\t\t<\/div>\n\t\t\t<\/div>\n\t\t\t\t<\/div>\n\t\t\t\t\t\t<\/div>\n\t\t\t\t\t<\/div>\n\t\t<\/div>\n\t\t\t\t\t\t\t\t<\/div>\n\t\t\t\t\t<\/div>\n\t\t<\/section>\n\t\t\t\t\t\t<\/div>\n\t\t\t\t\t\t<\/div>\n\t\t\t\t\t<\/div>","protected":false},"excerpt":{"rendered":"<p>READY TO HOST YOU SINCE 1974! Welcome to our little green oasis in the city centre. OUR STORY Built in 1876 with the highest standards and materials for a high bourgeois family, this building has a lot of stories to &hellip; <a href=\"https:\/\/hotelestorilporto.com\/fr\/about-us\/\">Read More<\/a><\/p>","protected":false},"author":1,"featured_media":0,"parent":0,"menu_order":23,"comment_status":"closed","ping_status":"closed","template":"","meta":{"footnotes":""},"_links":{"self":[{"href":"https:\/\/hotelestorilporto.com\/fr\/wp-json\/wp\/v2\/pages\/51"}],"collection":[{"href":"https:\/\/hotelestorilporto.com\/fr\/wp-json\/wp\/v2\/pages"}],"about":[{"href":"https:\/\/hotelestorilporto.com\/fr\/wp-json\/wp\/v2\/types\/page"}],"author":[{"embeddable":true,"href":"https:\/\/hotelestorilporto.com\/fr\/wp-json\/wp\/v2\/users\/1"}],"replies":[{"embeddable":true,"href":"https:\/\/hotelestorilporto.com\/fr\/wp-json\/wp\/v2\/comments?post=51"}],"version-history":[{"count":5,"href":"https:\/\/hotelestorilporto.com\/fr\/wp-json\/wp\/v2\/pages\/51\/revisions"}],"predecessor-version":[{"id":1571,"href":"https:\/\/hotelestorilporto.com\/fr\/wp-json\/wp\/v2\/pages\/51\/revisions\/1571"}],"wp:attachment":[{"href":"https:\/\/hotelestorilporto.com\/fr\/wp-json\/wp\/v2\/media?parent=51"}],"curies":[{"name":"wp","href":"https:\/\/api.w.org\/{rel}","templated":true}]}}