{"id":51,"date":"2017-12-03T19:12:03","date_gmt":"2017-12-03T19:12:03","guid":{"rendered":"http:\/\/import.themovation.com\/bellevue2\/guesthouse\/?page_id=698"},"modified":"2025-05-14T08:01:59","modified_gmt":"2025-05-14T08:01:59","slug":"about-us","status":"publish","type":"page","link":"https:\/\/hotelestorilporto.com\/pt\/about-us\/","title":{"rendered":"Sobre N\u00f3s"},"content":{"rendered":"<div data-elementor-type=\"wp-post\" data-elementor-id=\"51\" class=\"elementor elementor-51\" data-elementor-settings=\"[]\">\n\t\t\t\t\t\t<div class=\"elementor-inner\">\n\t\t\t\t\t\t\t<div class=\"elementor-section-wrap\">\n\t\t\t\t\t\t\t<section class=\"elementor-section elementor-top-section elementor-element elementor-element-6229ba4 elementor-section-full_width elementor-section-height-min-height elementor-section-height-default elementor-section-items-middle\" data-id=\"6229ba4\" data-element_type=\"section\" data-settings=\"{&quot;background_background&quot;:&quot;classic&quot;}\">\n\t\t\t\t\t\t\t<div class=\"elementor-background-overlay\"><\/div>\n\t\t\t\t\t\t\t<div class=\"elementor-container elementor-column-gap-default\">\n\t\t\t\t\t\t\t<div class=\"elementor-row\">\n\t\t\t\t\t<div class=\"elementor-column elementor-col-100 elementor-top-column elementor-element elementor-element-1f66876d\" data-id=\"1f66876d\" data-element_type=\"column\">\n\t\t\t<div class=\"elementor-column-wrap elementor-element-populated\">\n\t\t\t\t\t\t\t<div class=\"elementor-widget-wrap\">\n\t\t\t\t\t\t<div class=\"elementor-element elementor-element-68d1557 elementor-widget elementor-widget-spacer\" data-id=\"68d1557\" data-element_type=\"widget\" data-widget_type=\"spacer.default\">\n\t\t\t\t<div class=\"elementor-widget-container\">\n\t\t\t\t\t<div class=\"elementor-spacer\">\n\t\t\t<div class=\"elementor-spacer-inner\"><\/div>\n\t\t<\/div>\n\t\t\t\t<\/div>\n\t\t\t\t<\/div>\n\t\t\t\t<div class=\"elementor-element elementor-element-321bcc27 elementor-view-default elementor-position-top elementor-invisible elementor-widget elementor-widget-themo-header\" data-id=\"321bcc27\" data-element_type=\"widget\" data-settings=\"{&quot;_animation&quot;:&quot;fadeIn&quot;}\" data-widget_type=\"themo-header.default\">\n\t\t\t\t<div class=\"elementor-widget-container\">\n\t\t\t\t\t<div class=\"th-header-wrap\">\n        <div class=\"elementor-icon-box-wrapper\">\n                            <div class=\"elementor-icon-box-content\">\n                    <h1 class=\"elementor-icon-box-title\">\n                        <span >PRONTOS PARA O RECEBER DESDE 1974!<\/span>\n                    <\/h1>\n                                        <p class=\"elementor-icon-box-description\">Bem-vindo ao nosso pequeno o\u00e1sis verde no centro da cidade.<\/p>\n\n                                    <\/div>\n            <\/div>\n\n        <\/div>\n\n\t\t\t\t<\/div>\n\t\t\t\t<\/div>\n\t\t\t\t\t\t<\/div>\n\t\t\t\t\t<\/div>\n\t\t<\/div>\n\t\t\t\t\t\t\t\t<\/div>\n\t\t\t\t\t<\/div>\n\t\t<\/section>\n\t\t\t\t<section class=\"elementor-section elementor-top-section elementor-element elementor-element-51204c8d elementor-section-boxed elementor-section-height-default elementor-section-height-default\" data-id=\"51204c8d\" data-element_type=\"section\" data-settings=\"{&quot;background_background&quot;:&quot;classic&quot;}\">\n\t\t\t\t\t\t<div class=\"elementor-container elementor-column-gap-default\">\n\t\t\t\t\t\t\t<div class=\"elementor-row\">\n\t\t\t\t\t<div class=\"elementor-column elementor-col-100 elementor-top-column elementor-element elementor-element-50ec539c\" data-id=\"50ec539c\" data-element_type=\"column\">\n\t\t\t<div class=\"elementor-column-wrap elementor-element-populated\">\n\t\t\t\t\t\t\t<div class=\"elementor-widget-wrap\">\n\t\t\t\t\t\t<div class=\"elementor-element elementor-element-183c3c17 elementor-widget elementor-widget-spacer\" data-id=\"183c3c17\" data-element_type=\"widget\" data-widget_type=\"spacer.default\">\n\t\t\t\t<div class=\"elementor-widget-container\">\n\t\t\t\t\t<div class=\"elementor-spacer\">\n\t\t\t<div class=\"elementor-spacer-inner\"><\/div>\n\t\t<\/div>\n\t\t\t\t<\/div>\n\t\t\t\t<\/div>\n\t\t\t\t<div class=\"elementor-element elementor-element-63297780 elementor-view-default elementor-position-top elementor-widget elementor-widget-themo-header\" data-id=\"63297780\" data-element_type=\"widget\" data-widget_type=\"themo-header.default\">\n\t\t\t\t<div class=\"elementor-widget-container\">\n\t\t\t\t\t<div class=\"th-header-wrap\">\n        <div class=\"elementor-icon-box-wrapper th-show-icon\">\n                            <div class=\"elementor-icon-box-icon th-icon-size-md\">\n                    <span class=\"elementor-icon\" >\n                        <i class=\"th-trip travelpack-polaroid-pictures\" aria-hidden=\"true\" fff><\/i>                    <\/span>\n                <\/div>\n                                <div class=\"elementor-icon-box-content\">\n                    <h2 class=\"elementor-icon-box-title\">\n                        <span >A NOSSA HIST\u00d3RIA<\/span>\n                    <\/h2>\n                                            <span class=\"th-header-divider\"><\/span>\n                                        <p class=\"elementor-icon-box-description\">Constru\u00eddo em 1876 com os mais elevados padr\u00f5es e materiais da \u00e9poca para uma fam\u00edlia da alta burguesia, este edif\u00edcio tem muitas hist\u00f3rias para contar.\nEm 1944 come\u00e7ou a ser utilizado como edif\u00edcio residencial para alojamento. N\u00f3s come\u00e7\u00e1mos por alugar a Residencial em 1974 e, posteriormente, o im\u00f3vel foi adquirido em 1978.\nA nossa hist\u00f3ria come\u00e7a aqui ...\n\nOs nossos primeiros anos foram dif\u00edceis ... o pr\u00e9dio estava muito deteriorado e a situa\u00e7\u00e3o do pa\u00eds n\u00e3o era nada boa ... Aquando da revolu\u00e7\u00e3o de 1974, literalmente todos os quartos dispon\u00edveis foram usados, \u200b\u200bdepois das col\u00f3nias africanas se tornarem independentes e muitas pessoas voltarem da\u00ed sem nada ... Todo o espa\u00e7o dispon\u00edvel n\u00e3o era suficiente para aloj\u00e1-los.\n\nNa d\u00e9cada de 1980, a situa\u00e7\u00e3o come\u00e7ou a melhorar. Em 1986, uma grande reforma do edif\u00edcio foi feita: todas as partes b\u00e1sicas do edif\u00edcio, como \u00e1gua ou eletricidade, foram completamente renovadas. Na \u00e9poca, era um residencial de 2 estrelas.\n\nNa d\u00e9cada de 1990, j\u00e1 na UE, a situa\u00e7\u00e3o na cidade come\u00e7ou a piorar. O turismo crescia no Ver\u00e3o, mas a cidade perdia servi\u00e7os, popula\u00e7\u00e3o e ficava abandonada. Sobrevivemos a esses tempos dif\u00edceis mantendo os pre\u00e7os baixos.\n\nEntrando no novo mil\u00e9nio, a cidade foi declarada Patrim\u00f3nio da Humanidade pela Unesco. Fomos os pioneiros ao abrir um site em 2003 e ingressar na Booking.com em 2009. As reservas pela Internet e os voos de baixo custo deram uma nova vida \u00e0 cidade.\n \nEm 2011, a residencial foi convertida num hotel boutique. A loja da frente foi transformada na sala de pequenos almo\u00e7os.\nDesde ent\u00e3o, instalamos em todo o espa\u00e7o: wi-fi, mobili\u00e1rio novo, TVs de LED, ar condicionado e decora\u00e7\u00e3o.\n\nEm 2018, convertemos outro pr\u00e9dio (ao lado com apenas um pr\u00e9dio no meio) em apartamentos para aluguer. Reconstru\u00edmos 6 apartamentos de luxo - 2 deles podem acomodar at\u00e9 4 pessoas.\n\nA pandemia de 2019-2020 atingiu-nos fortemente e, pela primeira vez em 75 anos, fechamos as nossas portas temporariamente, mas sobrevivemos e estamos aqui para receb\u00ea-lo novamente.<\/p>\n\n                                    <\/div>\n            <\/div>\n\n        <\/div>\n\n\t\t\t\t<\/div>\n\t\t\t\t<\/div>\n\t\t\t\t<div class=\"elementor-element elementor-element-40b9772e elementor-widget elementor-widget-spacer\" data-id=\"40b9772e\" data-element_type=\"widget\" data-widget_type=\"spacer.default\">\n\t\t\t\t<div class=\"elementor-widget-container\">\n\t\t\t\t\t<div class=\"elementor-spacer\">\n\t\t\t<div class=\"elementor-spacer-inner\"><\/div>\n\t\t<\/div>\n\t\t\t\t<\/div>\n\t\t\t\t<\/div>\n\t\t\t\t\t\t<\/div>\n\t\t\t\t\t<\/div>\n\t\t<\/div>\n\t\t\t\t\t\t\t\t<\/div>\n\t\t\t\t\t<\/div>\n\t\t<\/section>\n\t\t\t\t<section class=\"elementor-section elementor-top-section elementor-element elementor-element-41cfe23b elementor-section-full_width elementor-section-height-default elementor-section-height-default\" data-id=\"41cfe23b\" data-element_type=\"section\">\n\t\t\t\t\t\t<div class=\"elementor-container elementor-column-gap-no\">\n\t\t\t\t\t\t\t<div class=\"elementor-row\">\n\t\t\t\t\t<div class=\"elementor-column elementor-col-100 elementor-top-column elementor-element elementor-element-dc0e425\" data-id=\"dc0e425\" data-element_type=\"column\">\n\t\t\t<div class=\"elementor-column-wrap elementor-element-populated\">\n\t\t\t\t\t\t\t<div class=\"elementor-widget-wrap\">\n\t\t\t\t\t\t<div class=\"elementor-element elementor-element-2649bbfa elementor-arrows-position-inside elementor-widget elementor-widget-image-carousel\" data-id=\"2649bbfa\" data-element_type=\"widget\" data-settings=\"{&quot;slides_to_show&quot;:&quot;4&quot;,&quot;navigation&quot;:&quot;arrows&quot;,&quot;slides_to_scroll&quot;:&quot;2&quot;,&quot;autoplay&quot;:&quot;yes&quot;,&quot;pause_on_hover&quot;:&quot;yes&quot;,&quot;pause_on_interaction&quot;:&quot;yes&quot;,&quot;autoplay_speed&quot;:5000,&quot;infinite&quot;:&quot;yes&quot;,&quot;speed&quot;:500}\" data-widget_type=\"image-carousel.default\">\n\t\t\t\t<div class=\"elementor-widget-container\">\n\t\t\t\t\t<div class=\"elementor-image-carousel-wrapper swiper-container\" dir=\"ltr\">\n\t\t\t<div class=\"elementor-image-carousel swiper-wrapper swiper-image-stretch\">\n\t\t\t\t\t\t\t\t<div class=\"swiper-slide\"><figure class=\"swiper-slide-inner\"><img decoding=\"async\" class=\"swiper-slide-image\" src=\"https:\/\/hotelestorilporto.com\/wp-content\/uploads\/2019\/03\/mapa-hotel-1880-II.jpg\" alt=\"mapa hotel 1880 II\" \/><\/figure><\/div><div class=\"swiper-slide\"><figure class=\"swiper-slide-inner\"><img decoding=\"async\" class=\"swiper-slide-image\" src=\"https:\/\/hotelestorilporto.com\/wp-content\/uploads\/2019\/03\/pensao-estoril-50s-autocolante.jpg\" alt=\"pensao estoril 50s autocolante\" \/><\/figure><\/div><div class=\"swiper-slide\"><figure class=\"swiper-slide-inner\"><img decoding=\"async\" class=\"swiper-slide-image\" src=\"https:\/\/hotelestorilporto.com\/wp-content\/uploads\/2019\/09\/IMG_3073.jpg\" alt=\"IMG_3073\" \/><\/figure><\/div><div class=\"swiper-slide\"><figure class=\"swiper-slide-inner\"><img decoding=\"async\" class=\"swiper-slide-image\" src=\"https:\/\/hotelestorilporto.com\/wp-content\/uploads\/2019\/03\/vista-traseira-2017.jpg\" alt=\"vista traseira 2017\" \/><\/figure><\/div><div class=\"swiper-slide\"><figure class=\"swiper-slide-inner\"><img decoding=\"async\" class=\"swiper-slide-image\" src=\"https:\/\/hotelestorilporto.com\/wp-content\/uploads\/2019\/03\/jardim-2017-4.jpg\" alt=\"jardim-2017-4\" \/><\/figure><\/div><div class=\"swiper-slide\"><figure class=\"swiper-slide-inner\"><img decoding=\"async\" class=\"swiper-slide-image\" src=\"https:\/\/hotelestorilporto.com\/wp-content\/uploads\/2019\/03\/escadas-2017-1.jpg\" alt=\"escadas 2017 1\" \/><\/figure><\/div><div class=\"swiper-slide\"><figure class=\"swiper-slide-inner\"><img decoding=\"async\" class=\"swiper-slide-image\" src=\"https:\/\/hotelestorilporto.com\/wp-content\/uploads\/2019\/03\/3o-andar.jpg\" alt=\"3rd Floor\" \/><\/figure><\/div><div class=\"swiper-slide\"><figure class=\"swiper-slide-inner\"><img decoding=\"async\" class=\"swiper-slide-image\" src=\"https:\/\/hotelestorilporto.com\/wp-content\/uploads\/2019\/03\/escadaria.jpg\" alt=\"escadaria\" \/><\/figure><\/div><div class=\"swiper-slide\"><figure class=\"swiper-slide-inner\"><img decoding=\"async\" class=\"swiper-slide-image\" src=\"https:\/\/hotelestorilporto.com\/wp-content\/uploads\/2019\/03\/recepcao-1.jpg\" alt=\"recepcao-1\" \/><\/figure><\/div><div class=\"swiper-slide\"><figure class=\"swiper-slide-inner\"><img decoding=\"async\" class=\"swiper-slide-image\" src=\"https:\/\/hotelestorilporto.com\/wp-content\/uploads\/2019\/03\/sala-peq-alm-3.jpg\" alt=\"sala-peq-alm-3\" \/><\/figure><\/div><div class=\"swiper-slide\"><figure class=\"swiper-slide-inner\"><img decoding=\"async\" class=\"swiper-slide-image\" src=\"https:\/\/hotelestorilporto.com\/wp-content\/uploads\/2019\/03\/traseiras.jpg\" alt=\"Building Back\" \/><\/figure><\/div><div class=\"swiper-slide\"><figure class=\"swiper-slide-inner\"><img decoding=\"async\" class=\"swiper-slide-image\" src=\"https:\/\/hotelestorilporto.com\/wp-content\/uploads\/2019\/03\/rua-3-geral-1900.jpg\" alt=\"Building Front\" \/><\/figure><\/div><div class=\"swiper-slide\"><figure class=\"swiper-slide-inner\"><img decoding=\"async\" class=\"swiper-slide-image\" src=\"https:\/\/hotelestorilporto.com\/wp-content\/uploads\/2020\/01\/IMG_3240-recepcao-2020-2000.jpg\" alt=\"Reception\" \/><\/figure><\/div><div class=\"swiper-slide\"><figure class=\"swiper-slide-inner\"><img decoding=\"async\" class=\"swiper-slide-image\" src=\"https:\/\/hotelestorilporto.com\/wp-content\/uploads\/2019\/03\/sala.jpg\" alt=\"sala\" \/><\/figure><\/div><div class=\"swiper-slide\"><figure class=\"swiper-slide-inner\"><img decoding=\"async\" class=\"swiper-slide-image\" src=\"https:\/\/hotelestorilporto.com\/wp-content\/uploads\/2019\/03\/jardim-2017-6.jpg\" alt=\"Back Garden\" \/><\/figure><\/div><div class=\"swiper-slide\"><figure class=\"swiper-slide-inner\"><img decoding=\"async\" class=\"swiper-slide-image\" src=\"https:\/\/hotelestorilporto.com\/wp-content\/uploads\/2019\/03\/jardim-2017-1.jpg\" alt=\"Garden Terrace\" \/><\/figure><\/div><div class=\"swiper-slide\"><figure class=\"swiper-slide-inner\"><img decoding=\"async\" class=\"swiper-slide-image\" src=\"https:\/\/hotelestorilporto.com\/wp-content\/uploads\/2019\/03\/jardim-2017-3.jpg\" alt=\"jardim-2017-3\" \/><\/figure><\/div><div class=\"swiper-slide\"><figure class=\"swiper-slide-inner\"><img decoding=\"async\" class=\"swiper-slide-image\" src=\"https:\/\/hotelestorilporto.com\/wp-content\/uploads\/2019\/03\/jardim-2017-2.jpg\" alt=\"jardim 2017 2\" \/><\/figure><\/div><div class=\"swiper-slide\"><figure class=\"swiper-slide-inner\"><img decoding=\"async\" class=\"swiper-slide-image\" src=\"https:\/\/hotelestorilporto.com\/wp-content\/uploads\/2019\/03\/terraco.jpg\" alt=\"Terrace\" \/><\/figure><\/div><div class=\"swiper-slide\"><figure class=\"swiper-slide-inner\"><img decoding=\"async\" class=\"swiper-slide-image\" src=\"https:\/\/hotelestorilporto.com\/wp-content\/uploads\/2019\/03\/sala-peq-alm.jpg\" alt=\"Breakfast Room\" \/><\/figure><\/div><div class=\"swiper-slide\"><figure class=\"swiper-slide-inner\"><img decoding=\"async\" class=\"swiper-slide-image\" src=\"https:\/\/hotelestorilporto.com\/wp-content\/uploads\/2019\/03\/varanda.jpg\" alt=\"varanda\" \/><\/figure><\/div><div class=\"swiper-slide\"><figure class=\"swiper-slide-inner\"><img decoding=\"async\" class=\"swiper-slide-image\" src=\"https:\/\/hotelestorilporto.com\/wp-content\/uploads\/2019\/03\/recepcao-2019.jpg\" alt=\"recepcao-2019\" \/><\/figure><\/div><div class=\"swiper-slide\"><figure class=\"swiper-slide-inner\"><img decoding=\"async\" class=\"swiper-slide-image\" src=\"https:\/\/hotelestorilporto.com\/wp-content\/uploads\/2019\/03\/sala-estar.jpg\" alt=\"sala estar\" \/><\/figure><\/div><div class=\"swiper-slide\"><figure class=\"swiper-slide-inner\"><img decoding=\"async\" class=\"swiper-slide-image\" src=\"https:\/\/hotelestorilporto.com\/wp-content\/uploads\/2019\/03\/recepcao-2019-3.jpg\" alt=\"recepcao-2019 3\" \/><\/figure><\/div><div class=\"swiper-slide\"><figure class=\"swiper-slide-inner\"><img decoding=\"async\" class=\"swiper-slide-image\" src=\"https:\/\/hotelestorilporto.com\/wp-content\/uploads\/2017\/12\/23-vista-4.jpg\" alt=\"23 vista 4\" \/><\/figure><\/div>\t\t\t<\/div>\n\t\t\t\t\t\t\t\t\t\t\t\t\t\t\t\t<div class=\"elementor-swiper-button elementor-swiper-button-prev\">\n\t\t\t\t\t\t<i class=\"eicon-chevron-left\" aria-hidden=\"true\"><\/i>\n\t\t\t\t\t\t<span class=\"elementor-screen-only\">Anterior<\/span>\n\t\t\t\t\t<\/div>\n\t\t\t\t\t<div class=\"elementor-swiper-button elementor-swiper-button-next\">\n\t\t\t\t\t\t<i class=\"eicon-chevron-right\" aria-hidden=\"true\"><\/i>\n\t\t\t\t\t\t<span class=\"elementor-screen-only\">Seguinte<\/span>\n\t\t\t\t\t<\/div>\n\t\t\t\t\t\t\t\t\t<\/div>\n\t\t\t\t<\/div>\n\t\t\t\t<\/div>\n\t\t\t\t\t\t<\/div>\n\t\t\t\t\t<\/div>\n\t\t<\/div>\n\t\t\t\t\t\t\t\t<\/div>\n\t\t\t\t\t<\/div>\n\t\t<\/section>\n\t\t\t\t<section class=\"elementor-section elementor-top-section elementor-element elementor-element-91a0aa8 elementor-section-boxed elementor-section-height-default elementor-section-height-default\" data-id=\"91a0aa8\" data-element_type=\"section\">\n\t\t\t\t\t\t<div class=\"elementor-container elementor-column-gap-default\">\n\t\t\t\t\t\t\t<div class=\"elementor-row\">\n\t\t\t\t\t<div class=\"elementor-column elementor-col-100 elementor-top-column elementor-element elementor-element-41cee42\" data-id=\"41cee42\" data-element_type=\"column\">\n\t\t\t<div class=\"elementor-column-wrap elementor-element-populated\">\n\t\t\t\t\t\t\t<div class=\"elementor-widget-wrap\">\n\t\t\t\t\t\t<div class=\"elementor-element elementor-element-0733d0e elementor-widget elementor-widget-spacer\" data-id=\"0733d0e\" data-element_type=\"widget\" data-widget_type=\"spacer.default\">\n\t\t\t\t<div class=\"elementor-widget-container\">\n\t\t\t\t\t<div class=\"elementor-spacer\">\n\t\t\t<div class=\"elementor-spacer-inner\"><\/div>\n\t\t<\/div>\n\t\t\t\t<\/div>\n\t\t\t\t<\/div>\n\t\t\t\t\t\t<\/div>\n\t\t\t\t\t<\/div>\n\t\t<\/div>\n\t\t\t\t\t\t\t\t<\/div>\n\t\t\t\t\t<\/div>\n\t\t<\/section>\n\t\t\t\t<section class=\"elementor-section elementor-top-section elementor-element elementor-element-1b6bb301 elementor-section-boxed elementor-section-height-default elementor-section-height-default\" data-id=\"1b6bb301\" data-element_type=\"section\" data-settings=\"{&quot;background_background&quot;:&quot;gradient&quot;}\">\n\t\t\t\t\t\t<div class=\"elementor-container elementor-column-gap-wider\">\n\t\t\t\t\t\t\t<div class=\"elementor-row\">\n\t\t\t\t\t<div class=\"elementor-column elementor-col-100 elementor-top-column elementor-element elementor-element-287adccb\" data-id=\"287adccb\" data-element_type=\"column\">\n\t\t\t<div class=\"elementor-column-wrap elementor-element-populated\">\n\t\t\t\t\t\t\t<div class=\"elementor-widget-wrap\">\n\t\t\t\t\t\t<div class=\"elementor-element elementor-element-5359eb91 elementor-widget elementor-widget-themo-testimonial\" data-id=\"5359eb91\" data-element_type=\"widget\" data-widget_type=\"themo-testimonial.default\">\n\t\t\t\t<div class=\"elementor-widget-container\">\n\t\t\t        \n\t\t<div class=\"elementor-testimonial-wrapper th-testimonial-w th-txt-lg elementor-testimonial-text-align-center\">\n\n            \n\t\t\t\t\t\t\t<div class=\"elementor-testimonial-content\">Local muito bom para passeios pela cidade velha e arredores, perto da paragem de el\u00e9ctrico, ponto de t\u00e1xi e metro, local muito bom para uma base urbana.<\/div>\n\t\t\t\n            <div class=\"th-star-rating th-star-50\">\n<span class=\"th-star-1 fa\"><\/span>\n<span class=\"th-star-2 fa\"><\/span>\n<span class=\"th-star-3 fa\"><\/span>\n<span class=\"th-star-4 fa\"><\/span>\n<span class=\"th-star-5 fa\"><\/span>\n<\/div>\n\t\t\t\n                    <div class=\"elementor-testimonial-meta\">\n\n\t\t\t\t<div class=\"elementor-testimonial-meta-inner\">\n                    \n\t\t\t\t\t\t\t\t\t\t<div class=\"elementor-testimonial-details\">\n\t\t\t\t\t\t\t\t\t\t\t\t\t<div class=\"elementor-testimonial-name\">Piotr<\/div>\n\t\t\t\t\t\t\n\t\t\t\t\t\t\t\t\t\t\t\t\t<div class=\"elementor-testimonial-job\">Irlanda<\/div>\n\t\t\t\t\t\t\t\t\t\t\t<\/div>\n\t\t\t\t\t\t\t\t\t<\/div>\n\t\t\t<\/div>\n\t\t\t\t\t<\/div>\n\t\t\t<\/div>\n\t\t\t\t<\/div>\n\t\t\t\t\t\t<\/div>\n\t\t\t\t\t<\/div>\n\t\t<\/div>\n\t\t\t\t\t\t\t\t<\/div>\n\t\t\t\t\t<\/div>\n\t\t<\/section>\n\t\t\t\t\t\t<\/div>\n\t\t\t\t\t\t<\/div>\n\t\t\t\t\t<\/div>","protected":false},"excerpt":{"rendered":"<p>READY TO HOST YOU SINCE 1974! Welcome to our little green oasis in the city centre. OUR STORY Built in 1876 with the highest standards and materials for a high bourgeois family, this building has a lot of stories to &hellip; <a href=\"https:\/\/hotelestorilporto.com\/pt\/about-us\/\">Read More<\/a><\/p>","protected":false},"author":1,"featured_media":0,"parent":0,"menu_order":23,"comment_status":"closed","ping_status":"closed","template":"","meta":{"footnotes":""},"_links":{"self":[{"href":"https:\/\/hotelestorilporto.com\/pt\/wp-json\/wp\/v2\/pages\/51"}],"collection":[{"href":"https:\/\/hotelestorilporto.com\/pt\/wp-json\/wp\/v2\/pages"}],"about":[{"href":"https:\/\/hotelestorilporto.com\/pt\/wp-json\/wp\/v2\/types\/page"}],"author":[{"embeddable":true,"href":"https:\/\/hotelestorilporto.com\/pt\/wp-json\/wp\/v2\/users\/1"}],"replies":[{"embeddable":true,"href":"https:\/\/hotelestorilporto.com\/pt\/wp-json\/wp\/v2\/comments?post=51"}],"version-history":[{"count":5,"href":"https:\/\/hotelestorilporto.com\/pt\/wp-json\/wp\/v2\/pages\/51\/revisions"}],"predecessor-version":[{"id":1571,"href":"https:\/\/hotelestorilporto.com\/pt\/wp-json\/wp\/v2\/pages\/51\/revisions\/1571"}],"wp:attachment":[{"href":"https:\/\/hotelestorilporto.com\/pt\/wp-json\/wp\/v2\/media?parent=51"}],"curies":[{"name":"wp","href":"https:\/\/api.w.org\/{rel}","templated":true}]}}